{"id":1977,"date":"2009-09-03T23:12:13","date_gmt":"2009-09-03T22:12:13","guid":{"rendered":"http:\/\/ekassociation.ekegyesulet.hu\/?page_id=2"},"modified":"2024-05-22T05:16:09","modified_gmt":"2024-05-22T05:16:09","slug":"magunkrol","status":"publish","type":"page","link":"https:\/\/ekegyesulet.hu\/en\/","title":{"rendered":"Introduction"},"content":{"rendered":"<p><\/p>\n<p style=\"text-align: justify;\">EK Associaton (\u00c9K Egyes\u00fclet) was established by young architects&nbsp;in 2006 in Budapest, Hungary.&nbsp;As&nbsp;a professional architectural&nbsp;organization our main objectives are&nbsp;conducing to the&nbsp;the raising of the level of &nbsp;Hungarian architectural and enviromental culture, to preserve our cultural heritage and to promote sustainability in architecture with our activities.&nbsp;The association aims&nbsp;to bring together individuals and organisations with an interest of cultural heritage&nbsp;and to heighten public awareness of our public monuments and&nbsp;preservation of buildings. Our main focus is on the Carpathian Basin but we believe that cultural heritage and identity is of many levels and our interest is of circles with different radius but same centre.<\/p>\n<p style=\"text-align: justify;\">Our association\u2019s mission is to create an approachable medium of architects and student architects to meet and hold events to share common aspirations and discuss thoughts, to organize exhibitions, conferences and workshops, to organize excursions to places of historical or natural interests and to issue publicates of studies on architectural and cultural heritage.&nbsp;It is also important to us to raise awareness of sustainable green technology and building materials. The association joins in research and innovation projects in the topic of how using local traditional building customs and contstruction methodolgies in the modern contemporary building practice. Our association supports building camps to experience adobe, earth wall or straw bale architecture and other eco-technologies organizing workshops and exhibitions to share experiences.<\/p>\n<p style=\"text-align: justify;\">MEMBERS OF THE ASSOCIATION:<\/p>\n<p style=\"text-align: justify;\">Mih\u00e1ly Budai | \u00c1kos Cs\u00e9csei | Tam\u00e1s Csernik | Erzs\u00e9bet Csete | T\u00edmea Bier-Egerv\u00e1ri | M\u00e1t\u00e9 Hidasn\u00e9meti | Judit Keller-M\u00e1rku | Szabolcs Kir\u00e1ly | P\u00e9ter P\u00e1czelt | G\u00e1bor Palot\u00e1s | Orsolya Palotasn\u00e9 T\u00f3th | Bal\u00e1zs P\u00e1pay | \u00c1gnes S\u00f3lyom | G\u00e1bor Sz\u00fccs | Zsolt Tak\u00e1cs | Petra T\u00f3th | D\u00e1niel N. Varga | Emese Virt | Andr\u00e1s Viszneki<\/p>\n<p><\/p>","protected":false},"excerpt":{"rendered":"<p>EK Associaton (\u00c9K Egyes\u00fclet) was established by young architects&nbsp;in 2006 in Budapest, Hungary.&nbsp;As&nbsp;a professional architectural&nbsp;organization our main objectives are&nbsp;conducing to the&nbsp;the raising of the level of &nbsp;Hungarian architectural and enviromental culture, to preserve our cultural heritage and to promote sustainability&hellip; <\/p>\n","protected":false},"author":2,"featured_media":970,"parent":0,"menu_order":1,"comment_status":"closed","ping_status":"closed","template":"","meta":{"ngg_post_thumbnail":0,"footnotes":""},"class_list":["post-1977","page","type-page","status-publish","has-post-thumbnail","hentry"],"_links":{"self":[{"href":"https:\/\/ekegyesulet.hu\/en\/wp-json\/wp\/v2\/pages\/1977","targetHints":{"allow":["GET"]}}],"collection":[{"href":"https:\/\/ekegyesulet.hu\/en\/wp-json\/wp\/v2\/pages"}],"about":[{"href":"https:\/\/ekegyesulet.hu\/en\/wp-json\/wp\/v2\/types\/page"}],"author":[{"embeddable":true,"href":"https:\/\/ekegyesulet.hu\/en\/wp-json\/wp\/v2\/users\/2"}],"replies":[{"embeddable":true,"href":"https:\/\/ekegyesulet.hu\/en\/wp-json\/wp\/v2\/comments?post=1977"}],"version-history":[{"count":7,"href":"https:\/\/ekegyesulet.hu\/en\/wp-json\/wp\/v2\/pages\/1977\/revisions"}],"predecessor-version":[{"id":2175,"href":"https:\/\/ekegyesulet.hu\/en\/wp-json\/wp\/v2\/pages\/1977\/revisions\/2175"}],"wp:featuredmedia":[{"embeddable":true,"href":"https:\/\/ekegyesulet.hu\/en\/wp-json\/"}],"wp:attachment":[{"href":"https:\/\/ekegyesulet.hu\/en\/wp-json\/wp\/v2\/media?parent=1977"}],"curies":[{"name":"wp","href":"https:\/\/api.w.org\/{rel}","templated":true}]}}