{"id":254,"date":"2012-01-03T16:02:57","date_gmt":"2012-01-03T15:02:57","guid":{"rendered":"http:\/\/ekassociation.ekegyesulet.hu\/?page_id=254"},"modified":"2012-01-03T16:02:57","modified_gmt":"2012-01-03T15:02:57","slug":"otto-wagner-apostag","status":"publish","type":"page","link":"https:\/\/ekegyesulet.hu\/en\/exhibitions\/otto-wagner-apostag\/","title":{"rendered":"Otto Wagner &#038; Secession exhibition in Apostag (2010)"},"content":{"rendered":"<p style=\"text-align: justify;\"><img loading=\"lazy\" decoding=\"async\" class=\"alignleft\" src=\"http:\/\/ekassociation.hu\/wp-content\/uploads\/2014\/12\/PLAKAT_Honlapra.jpg\" alt=\"\" width=\"228\" height=\"346\" \/>The exhibition of the Viennese architect was opened with the words of Zolt\u00e1n Zakar, major of Apostag on 18th September 2010 in the community house of the village. After his short forewords Dr B\u00e9la Ker\u00e9kgy\u00e1rt\u00f3 (Technical and Economical University of Budapest) gave a lecture about the life and works of Otto Wagner, his role in the history of architecture, Wien in the beginning of the twentieth century and the world of Secession and Modern Architecture.<\/p>\n<p style=\"text-align: justify;\">After the professional lecture the Marasztal\u00f3 ensamble gave a concert for the guests, after which visitors could talk about the material exhibited, photos of Zsolt Frikker about the present buildings of Wagner in Wien and the collection of works provided by Wien Museum.<\/p>\n<p style=\"text-align: justify;\">Besides Wagner plans visitors had the possibility to get known the history of the community house of Apostag. After decades passed demolished in 1985 the former building of the synagouge was rebuilt and restorated as a library and community house to the plans of P\u00e9ter Wirth. The professional work of restoration won the EUROPA NOSTRA award in 1986.<\/p>\n<p style=\"text-align: justify;\"><span style=\"color: #e2415d;\">THE OPENING CEREMONY IN PICTURES ( PHOTOS BY: T\u00cdMEA EGERV\u00c1RI, \u00c1KOS CS\u00c9CSEI) :<\/span><\/p>\n<p style=\"text-align: justify;\">ngg_shortcode_0_placeholder<\/p>\n<p style=\"text-align: justify;\"><span style=\"color: #e2415d;\">ABOUT THE EUROPA NOSTRA-AWARD RESTORATION OF THE FORMER SYNAGOUGE OF APOSTAG :<\/span><\/p>\n<p style=\"text-align: justify;\">ngg_shortcode_1_placeholder<\/p>\n","protected":false},"excerpt":{"rendered":"<p>The exhibition of the Viennese architect was opened with the words of Zolt\u00e1n Zakar, major of Apostag on 18th September 2010 in the community house of the village. After his short forewords Dr B\u00e9la Ker\u00e9kgy\u00e1rt\u00f3 (Technical and Economical University of&hellip; <\/p>\n","protected":false},"author":2,"featured_media":0,"parent":147,"menu_order":0,"comment_status":"closed","ping_status":"closed","template":"","meta":{"ngg_post_thumbnail":0,"footnotes":""},"class_list":["post-254","page","type-page","status-publish","hentry"],"_links":{"self":[{"href":"https:\/\/ekegyesulet.hu\/en\/wp-json\/wp\/v2\/pages\/254","targetHints":{"allow":["GET"]}}],"collection":[{"href":"https:\/\/ekegyesulet.hu\/en\/wp-json\/wp\/v2\/pages"}],"about":[{"href":"https:\/\/ekegyesulet.hu\/en\/wp-json\/wp\/v2\/types\/page"}],"author":[{"embeddable":true,"href":"https:\/\/ekegyesulet.hu\/en\/wp-json\/wp\/v2\/users\/2"}],"replies":[{"embeddable":true,"href":"https:\/\/ekegyesulet.hu\/en\/wp-json\/wp\/v2\/comments?post=254"}],"version-history":[{"count":0,"href":"https:\/\/ekegyesulet.hu\/en\/wp-json\/wp\/v2\/pages\/254\/revisions"}],"up":[{"embeddable":true,"href":"https:\/\/ekegyesulet.hu\/en\/wp-json\/wp\/v2\/pages\/147"}],"wp:attachment":[{"href":"https:\/\/ekegyesulet.hu\/en\/wp-json\/wp\/v2\/media?parent=254"}],"curies":[{"name":"wp","href":"https:\/\/api.w.org\/{rel}","templated":true}]}}