{"id":258,"date":"2012-01-03T16:18:31","date_gmt":"2012-01-03T15:18:31","guid":{"rendered":"http:\/\/ekassociation.ekegyesulet.hu\/?page_id=258"},"modified":"2012-01-03T16:18:31","modified_gmt":"2012-01-03T15:18:31","slug":"outlook-with-leonardo","status":"publish","type":"page","link":"https:\/\/ekegyesulet.hu\/en\/exhibitions\/outlook-with-leonardo\/","title":{"rendered":"Outlook Exhibitions in Budapest"},"content":{"rendered":"<p style=\"text-align: justify;\"><span style=\"color: #e2415d;\">OUTLOOK 2010 \/ KITEKINT\u00c9S 2010<\/span><\/p>\n<p style=\"text-align: justify;\">The exhibition coordinated by the association summarizes the different professional and cultural experiments of the participants of the association&#8217;s Leonardo Lifelong Learning programme called &#8216;Vocational Training for Young Architects 2009-2010&#8217;. The sheets of the material was compiled by the participants, trainees of different host offices in different countries from their collected photos, documents and works. The event was given the name: &#8216;Outlook&#8217;, which refers to the fresh, liberator experiments, which help to look things different at home while understandig more of the world and your own country.\u00a0The place of the exhibition was the Trezor saloon of the FUGA Budapest Center of Architecture. Guests had the possibility to visit the collected material\u00a0between 13th January\u00a02011 and 8th February 2011.<\/p>\n<p style=\"text-align: justify;\">Exhibitors were the twelve participants of the programme: Eszter D\u00f6rnyei, Zsolt Tak\u00e1cs, P\u00e9ter P\u00e1czelt, T\u00edmea Egerv\u00e1ri, D\u00e1niel Katona, \u00c1kos Mih\u00e1lyi, Petra\u00a0T\u00f3th, Adrienn\u00a0Tam\u00e1s, Zs\u00f3fia\u00a0Tak\u00e1cs, Erzs\u00e9bet Csete, Gabriella R\u00e9v\u00e9sz, G\u00e1bor Sz\u00fccs.\u00a0The event was opened after the introductional words of Gy\u00f6rgy P\u00e1lffy architect, Zs\u00f3fia Nagy program assistant (Tempus Public Foundation), B\u00e1lint Nagy architect, director of FUGA centre, \u00c1kos Cs\u00e9csei architect, chairman of EK Association.<img loading=\"lazy\" decoding=\"async\" class=\"aligncenter wp-image-1425 size-full\" src=\"http:\/\/ekassociation.hu\/wp-content\/uploads\/2014\/12\/EK_Invitation_Outlook.jpg\" alt=\"EK_Invitation_Outlook\" width=\"1040\" height=\"490\" \/><\/p>\n<p style=\"text-align: justify;\"><p>no images were found<\/p><\/p>\n<p style=\"text-align: justify;\"><span style=\"color: #ffffff;\">.<\/span><\/p>\n<p style=\"text-align: justify;\"><span style=\"color: #e2415d;\">OUTLOOK 2011 \/ KITEKINT\u00c9S 2011<\/span><br \/>\nFUGA Budapest Architectural Centre<br \/>\n29th March 2012 &#8211; 15th April 2012<\/p>\n<p style=\"text-align: justify;\"><img loading=\"lazy\" decoding=\"async\" class=\"alignnone size-full wp-image-1429\" src=\"http:\/\/ekassociation.hu\/wp-content\/uploads\/2014\/12\/00-meghivo_eng.jpg\" alt=\"00-meghivo_eng\" width=\"1040\" height=\"485\" \/><\/p>\n<p style=\"text-align: justify;\"><p>no images were found<\/p><\/p>\n<p style=\"text-align: justify;\"><span style=\"color: #ffffff;\">.<\/span><\/p>\n<p style=\"text-align: justify;\"><span style=\"color: #e2415d;\">OUTLOOK 2012 \/ KITEKINT\u00c9S 2012<\/span><br \/>\nFUGA Budapest Architectural Centre<br \/>\n12th March 2013 &#8211; 31th March 2013<\/p>\n<p style=\"text-align: justify;\"><a href=\"http:\/\/ekassociation.hu\/wp-content\/uploads\/2014\/12\/ek_meghivo_2013_EN.jpg\"><img loading=\"lazy\" decoding=\"async\" class=\"alignnone size-full wp-image-1597\" src=\"http:\/\/ekassociation.hu\/wp-content\/uploads\/2014\/12\/ek_meghivo_2013_EN.jpg\" alt=\"ek_meghivo_2013_EN\" width=\"1040\" height=\"520\" \/><\/a><\/p>\n<p style=\"text-align: justify;\"><p>no images were found<\/p><\/p>\n<p style=\"text-align: justify;\"><span style=\"color: #ffffff;\">.<\/span><\/p>\n<p style=\"text-align: justify;\"><span style=\"color: #e2415d;\">OUTLOOK 2013 \/ KITEKINT\u00c9S 2013<\/span><br \/>\nFUGA Budapest Architectural Centre<br \/>\n4th March 2014 &#8211; 18th March 2014<\/p>\n<p style=\"text-align: justify;\"><a href=\"http:\/\/ekassociation.hu\/wp-content\/uploads\/2012\/01\/meghivoEK2014eng_mod2.jpg\"><img loading=\"lazy\" decoding=\"async\" class=\"alignnone  wp-image-1435\" src=\"http:\/\/ekassociation.hu\/wp-content\/uploads\/2012\/01\/meghivoEK2014eng_mod2.jpg\" alt=\"meghivo_titillum_arpi_remix3\" width=\"1040\" height=\"495\" \/><\/a><\/p>\n<p style=\"text-align: justify;\"><p>no images were found<\/p><\/p>\n","protected":false},"excerpt":{"rendered":"<p>OUTLOOK 2010 \/ KITEKINT\u00c9S 2010 The exhibition coordinated by the association summarizes the different professional and cultural experiments of the participants of the association&#8217;s Leonardo Lifelong Learning programme called &#8216;Vocational Training for Young Architects 2009-2010&#8217;. The sheets of the material&hellip; <\/p>\n","protected":false},"author":2,"featured_media":0,"parent":147,"menu_order":3,"comment_status":"closed","ping_status":"closed","template":"","meta":{"ngg_post_thumbnail":0,"footnotes":""},"class_list":["post-258","page","type-page","status-publish","hentry"],"_links":{"self":[{"href":"https:\/\/ekegyesulet.hu\/en\/wp-json\/wp\/v2\/pages\/258","targetHints":{"allow":["GET"]}}],"collection":[{"href":"https:\/\/ekegyesulet.hu\/en\/wp-json\/wp\/v2\/pages"}],"about":[{"href":"https:\/\/ekegyesulet.hu\/en\/wp-json\/wp\/v2\/types\/page"}],"author":[{"embeddable":true,"href":"https:\/\/ekegyesulet.hu\/en\/wp-json\/wp\/v2\/users\/2"}],"replies":[{"embeddable":true,"href":"https:\/\/ekegyesulet.hu\/en\/wp-json\/wp\/v2\/comments?post=258"}],"version-history":[{"count":0,"href":"https:\/\/ekegyesulet.hu\/en\/wp-json\/wp\/v2\/pages\/258\/revisions"}],"up":[{"embeddable":true,"href":"https:\/\/ekegyesulet.hu\/en\/wp-json\/wp\/v2\/pages\/147"}],"wp:attachment":[{"href":"https:\/\/ekegyesulet.hu\/en\/wp-json\/wp\/v2\/media?parent=258"}],"curies":[{"name":"wp","href":"https:\/\/api.w.org\/{rel}","templated":true}]}}