{"id":2484,"date":"2014-09-01T08:45:47","date_gmt":"2014-09-01T08:45:47","guid":{"rendered":"http:\/\/trawcoe.com\/?page_id=2484"},"modified":"2014-09-01T08:45:47","modified_gmt":"2014-09-01T08:45:47","slug":"project-framework","status":"publish","type":"page","link":"https:\/\/ekegyesulet.hu\/trawcoe\/index.php\/project-objectives\/project-framework\/","title":{"rendered":""},"content":{"rendered":"<p style=\"text-align: justify;\">&#8216;Traditional Wooden Constructions of Europe&#8217; (TRAWCOE) is an official <a href=\"http:\/\/ec.europa.eu\/education\/tools\/llp_en.htm\" target=\"_blank\" rel=\"noopener\">Leonardo da Vinci Partnership project<\/a> financed by the European Commission (project period: 1st August 2013 &#8211; 31st July 2015). The programme was based on the cooperation of 9 European institutions of 7 different countries. The owner of the idea and the coordinator of the project is <a href=\"http:\/\/ekassociation.hu\" target=\"_blank\" rel=\"noopener\">EK Association<\/a> (\u00c9K Egyes\u00fclet), which is a Budapest-based Hungarian architectural organization. The partnership included vocational schools, educational or professional organizations and trade representatives of carpentry.<\/p>\n<p>CO-ORDINATOR:<\/p>\n<p><a href=\"http:\/\/www.ekassociation.hu\" target=\"_blank\" rel=\"noopener\">EK Association, Budapest, Hungary (HU)<\/a> &#8211;\u00a0group of practising architects<\/p>\n<p>PARTNERS:<\/p>\n<p><a href=\"http:\/\/greta-bassenormandie.ac-caen.fr\" target=\"_blank\" rel=\"noopener\">GIP FCIP de Basse Normandie, Caen, France (FR)<\/a> &#8211; umbrella organisation of vocational schools, woodworking department<br \/>\n<a href=\"http:\/\/rav.lv\" target=\"_blank\" rel=\"noopener\">Riga School of Arts and Crafts, Riga, Latvia (LV)<\/a> &#8211; vocational school, woodworking department<br \/>\n<a href=\"http:\/\/doctum.es\" target=\"_blank\" rel=\"noopener\">Cultural and Educational Intervention Center Doctum, Granada, Spain (ES)<\/a> &#8211;\u00a0group of professionals in heritage and educational field<br \/>\n<a href=\"http:\/\/interactiveineducation.wordpress.com\" target=\"_blank\" rel=\"noopener\">Interactive Education Association, Bals, Romania (RO)<\/a> &#8211;\u00a0group of professionals in educational field<br \/>\n<a href=\"http:\/\/professionsbois.com\" target=\"_blank\" rel=\"noopener\">Professionsbois,\u00a0Alen\u00e7on, France (FR)<\/a> &#8211;\u00a0umbrella organization of wood derived industries<br \/>\n<a href=\"http:\/\/www.woodnet.org.uk\" target=\"_blank\" rel=\"noopener\">Woodnet, Wadhurst, United Kingdom (UK)<\/a> &#8211;\u00a0partnership of woodland owners and timber processing companies<br \/>\n<a href=\"http:\/\/www.tektum.ro\" target=\"_blank\" rel=\"noopener\">Tektum Architectural Office, Cluj Napoca (RO)<\/a> &#8211;\u00a0architectural office<br \/>\n<a href=\"http:\/\/www.giuseppesarubbi.it\" target=\"_blank\" rel=\"noopener\">Studio Giuseppe Sarubbi, Napoli (IT)<\/a> &#8211;\u00a0architectural office<\/p>\n<p>SILENT PARTNERS:<\/p>\n<p>KEM\u00dc G\u00e1sp\u00e1r Andr\u00e1s Vocational School, Kecskem\u00e9t, Hungary (HU)<br \/>\nLyc\u00e9e Pierre Simon de Laplace, Caen, France (FR)<br \/>\nLyc\u00e9e Polyvalent Albert Sorel, Honfleur, France (FR)<br \/>\nLyc\u00e9e g\u00e9n\u00e9ral, technologique et professionnel des Andaines,\u00a0La Fert\u00e9 Mac\u00e9, France (FR)<br \/>\nLiceul Teoretic \u201cPetre Pandrea\u201d, Bals, Romania (RO)<br \/>\nPlumpton College, Plumpton, United Kingdom (UK)<\/p>\n<p>PROJECT MEETINGS:<\/p>\n<p><a href=\"http:\/\/trawcoe.com\/budapest-meeting\/\">1st Meeting (Kickoff Meeting) in Budapest, Hungary<\/a> &#8211; 11th and 13th October 2013<br \/>\n<a href=\"http:\/\/trawcoe.com\/granada-meeting\/\">2nd Meeting in Granada<\/a>, Spain &#8211; 5th and 7th February 2014<br \/>\n<a href=\"http:\/\/trawcoe.com\/riga-meeting\/\">3rd Meeting in Riga, Latvia<\/a> &#8211; 9th and 11th July 2014<br \/>\n<a href=\"http:\/\/trawcoe.com\/lewes-meeting\/\">4th Meeting in Lewes, UK<\/a> &#8211; 22nd\u00a0and 24th October\u00a02014<br \/>\n<a href=\"http:\/\/trawcoe.com\/honfleur-meeting\/\">5th Meeting in Honfleur, France<\/a> &#8211; 3rd and 5th March 2015<br \/>\n<a href=\"http:\/\/trawcoe.com\/cluj-meeting\/\">6th Meeting in Cluj Napoca, Romania <\/a>&#8211; 6th and 10th June 2015<\/p>\n<p>Selected software framework for the common project: ArchiCAD 17 for creating 3d models using teamwork method &#8211; GRAPHISOFT SE provided free educational licences (50) for the partners of the project. Unity3d educational licence was used for the virtual world experience.<\/p>\n<p>SELECTED STRUCTURES AS PART OF EDUCATIONAL TOOL:<\/p>\n<p><a href=\"http:\/\/trawcoe.com\/nemesborzova\/\">Belfry of Nemesborzova (Szentendre Open-Air Museum)<\/a>, Upper Tisza Region, Hungary<br \/>\n<a href=\"http:\/\/trawcoe.com\/frindsbury-manor-barn-uk\/\">Manor Barn of Frindsbury<\/a>, Kent, UK<br \/>\n<a href=\"http:\/\/trawcoe.com\/magyarvalko-valeni-romania\/\">Roof Structure of Calvinist Church of Magyarvalk\u00f3 (Valeni)<\/a>, Kalotaszeg (Calata) Region, Transylvania, Romania<br \/>\n<a href=\"http:\/\/trawcoe.com\/naples-italy\/\">Roof Structure of St Mary of Donnaregina Vecchia Catholic Church<\/a>, Naples, Italy<br \/>\n<a href=\"http:\/\/trawcoe.com\/leleasca-romania\/\">Orthodox Church of Stefanesti-Leleasca<\/a>, Olt County, Romania<br \/>\n<a href=\"http:\/\/trawcoe.com\/granada-spain\/\">Timber Vault of Main Nave at St. Peter &amp; St. Paul Catholic Church<\/a>, Granada, Andalusia, Spain<br \/>\n<a href=\"http:\/\/trawcoe.com\/pabazhu-latvia\/\">Windmill of Pabazu<\/a>, Latvia<br \/>\n<a href=\"http:\/\/trawcoe.com\/rouen-france\/\">Facade of Caradas-house, Rouen<\/a>, Upper Normandy, Frnce<br \/>\n<a href=\"http:\/\/trawcoe.com\/basse-normandie-france\/\">House of Normandy<\/a>, Honfleur, Lower Normandie, France<\/p>\n<p>PRODUCTS:<\/p>\n<p><a href=\"http:\/\/trawcoe.com\/study\">Prototype for Virtual Reality as an Educational Resource<\/a> written by Gabor Palotas &#8211; Educational Study<br \/>\n<a href=\"http:\/\/trawcoe.com\/virtual-visit\" target=\"_blank\" rel=\"noopener\">Play TRAWCOE Virtual Reality Platform<\/a> &#8211; Educational Tool<\/p>\n<p>AWARDS:<\/p>\n<p>TRAWCOE Project was awarded with a Medal\u00a0of Excellence by Tempus Public Foundation, Hungarian National Agency in 2016. It has been also selected as a Success Story by\u00a0a panel of experts from the Directorate-General for Education and Culture\u00a0of the European Commission.<\/p>\n<p><img loading=\"lazy\" decoding=\"async\" class=\"alignnone size-medium wp-image-4523\" src=\"https:\/\/ekegyesulet.hu\/trawcoe\/wp-content\/uploads\/2016\/09\/nivodijas_Erasmus-300x300.jpg\" alt=\"Nyomtatott\" width=\"300\" height=\"300\" srcset=\"https:\/\/ekegyesulet.hu\/trawcoe\/wp-content\/uploads\/2016\/09\/nivodijas_Erasmus-300x300.jpg 300w, https:\/\/ekegyesulet.hu\/trawcoe\/wp-content\/uploads\/2016\/09\/nivodijas_Erasmus-150x150.jpg 150w, https:\/\/ekegyesulet.hu\/trawcoe\/wp-content\/uploads\/2016\/09\/nivodijas_Erasmus-768x768.jpg 768w, https:\/\/ekegyesulet.hu\/trawcoe\/wp-content\/uploads\/2016\/09\/nivodijas_Erasmus.jpg 994w\" sizes=\"auto, (max-width: 300px) 100vw, 300px\" \/><\/p>\n","protected":false},"excerpt":{"rendered":"<p>&#8216;Traditional Wooden Constructions of Europe&#8217; (TRAWCOE) is an official Leonardo da Vinci Partnership project financed &hellip; <\/p>\n","protected":false},"author":1,"featured_media":0,"parent":837,"menu_order":3,"comment_status":"closed","ping_status":"closed","template":"","meta":{"footnotes":""},"class_list":["post-2484","page","type-page","status-publish","hentry","latest_post"],"_links":{"self":[{"href":"https:\/\/ekegyesulet.hu\/trawcoe\/index.php\/wp-json\/wp\/v2\/pages\/2484","targetHints":{"allow":["GET"]}}],"collection":[{"href":"https:\/\/ekegyesulet.hu\/trawcoe\/index.php\/wp-json\/wp\/v2\/pages"}],"about":[{"href":"https:\/\/ekegyesulet.hu\/trawcoe\/index.php\/wp-json\/wp\/v2\/types\/page"}],"author":[{"embeddable":true,"href":"https:\/\/ekegyesulet.hu\/trawcoe\/index.php\/wp-json\/wp\/v2\/users\/1"}],"replies":[{"embeddable":true,"href":"https:\/\/ekegyesulet.hu\/trawcoe\/index.php\/wp-json\/wp\/v2\/comments?post=2484"}],"version-history":[{"count":0,"href":"https:\/\/ekegyesulet.hu\/trawcoe\/index.php\/wp-json\/wp\/v2\/pages\/2484\/revisions"}],"up":[{"embeddable":true,"href":"https:\/\/ekegyesulet.hu\/trawcoe\/index.php\/wp-json\/wp\/v2\/pages\/837"}],"wp:attachment":[{"href":"https:\/\/ekegyesulet.hu\/trawcoe\/index.php\/wp-json\/wp\/v2\/media?parent=2484"}],"curies":[{"name":"wp","href":"https:\/\/api.w.org\/{rel}","templated":true}]}}